{"id":2,"date":"2012-08-13T19:09:15","date_gmt":"2012-08-13T19:09:15","guid":{"rendered":"http:\/\/aplccorp.com\/voyages\/?page_id=2"},"modified":"2015-06-26T00:05:33","modified_gmt":"2015-06-25T22:05:33","slug":"page-d-exemple","status":"publish","type":"page","link":"http:\/\/aplccorp.com\/voyages\/","title":{"rendered":"Accueil"},"content":{"rendered":"\n<div id=\"widgets_for_shortcodes\" ><li id=\"catablogwidget-2\" class=\"widget-container CataBlogWidget\"><h3 class=\"widget-title\">Voyages<\/h3><div class='catablog-catalog'><div class=\"catablog-row catablog-gallery\">\n\t<a href=\"http:\/\/aplccorp.com\/voyages\/?cat=24\" class=\"catablog-image\"  >\n\t\t<img decoding=\"async\" src=\"http:\/\/aplccorp.com\/voyages\/wp-content\/uploads\/catablog\/thumbnails\/topelement.jpg\" alt=\"\" \/>\n\t\t<strong class=\"catablog-title\">Suisse 2020<\/strong>\t\n\t<\/a>\n\t<div class=\"catablog-description\"><\/div>\n<\/div><div class=\"catablog-row catablog-gallery\">\n\t<a href=\"http:\/\/aplccorp.com\/voyages\/?cat=23\" class=\"catablog-image\"  >\n\t\t<img decoding=\"async\" src=\"http:\/\/aplccorp.com\/voyages\/wp-content\/uploads\/catablog\/thumbnails\/7711_1490094083_travailler-suisse_970x545p.jpg\" alt=\"\" \/>\n\t\t<strong class=\"catablog-title\">Suisse 2019<\/strong>\t\n\t<\/a>\n\t<div class=\"catablog-description\"><\/div>\n<\/div><div class=\"catablog-row catablog-gallery\">\n\t<a href=\"http:\/\/aplccorp.com\/voyages\/?cat=22\" class=\"catablog-image\"  >\n\t\t<img decoding=\"async\" src=\"http:\/\/aplccorp.com\/voyages\/wp-content\/uploads\/catablog\/thumbnails\/NORCT022_iles-lofoten-circuits-scandinavie-tui.jpg\" alt=\"\" \/>\n\t\t<strong class=\"catablog-title\">Scandinavie 2018<\/strong>\t\n\t<\/a>\n\t<div class=\"catablog-description\"><\/div>\n<\/div><div class=\"catablog-row catablog-gallery\">\n\t<a href=\"http:\/\/aplccorp.com\/voyages\/?cat=21\" class=\"catablog-image\"  >\n\t\t<img decoding=\"async\" src=\"http:\/\/aplccorp.com\/voyages\/wp-content\/uploads\/catablog\/thumbnails\/6218_Crop_720_480.jpg\" alt=\"\" \/>\n\t\t<strong class=\"catablog-title\">Majorque 2017<\/strong>\t\n\t<\/a>\n\t<div class=\"catablog-description\">Majorque 2017<\/div>\n<\/div><div class=\"catablog-row catablog-gallery\">\n\t<a href=\"http:\/\/aplccorp.com\/voyages\/?cat=20\" class=\"catablog-image\"  >\n\t\t<img decoding=\"async\" src=\"http:\/\/aplccorp.com\/voyages\/wp-content\/uploads\/catablog\/thumbnails\/img_1_388.jpg\" alt=\"\" \/>\n\t\t<strong class=\"catablog-title\">Route des Grandes Alpes 2016<\/strong>\t\n\t<\/a>\n\t<div class=\"catablog-description\"><\/div>\n<\/div><div class=\"catablog-row catablog-gallery\">\n\t<a href=\"http:\/\/aplccorp.com\/voyages\/?cat=18\" class=\"catablog-image\"  >\n\t\t<img decoding=\"async\" src=\"http:\/\/aplccorp.com\/voyages\/wp-content\/uploads\/catablog\/thumbnails\/IMG_9181.JPG\" alt=\"\" \/>\n\t\t<strong class=\"catablog-title\">Scandinavie 2015<\/strong>\t\n\t<\/a>\n\t<div class=\"catablog-description\"><\/div>\n<\/div><div class=\"catablog-row catablog-gallery\">\n\t<a href=\"http:\/\/aplccorp.com\/voyages\/?cat=15\" class=\"catablog-image\"  >\n\t\t<img decoding=\"async\" src=\"http:\/\/aplccorp.com\/voyages\/wp-content\/uploads\/catablog\/thumbnails\/IMG_2532.jpg\" alt=\"\" \/>\n\t\t<strong class=\"catablog-title\">Portugal 2013<\/strong>\t\n\t<\/a>\n\t<div class=\"catablog-description\"><\/div>\n<\/div><div class=\"catablog-row catablog-gallery\">\n\t<a href=\"http:\/\/aplccorp.com\/voyages\/?cat=7\" class=\"catablog-image\"  >\n\t\t<img decoding=\"async\" src=\"http:\/\/aplccorp.com\/voyages\/wp-content\/uploads\/catablog\/thumbnails\/IMG_9315.jpg\" alt=\"\" \/>\n\t\t<strong class=\"catablog-title\">Croatie 2012<\/strong>\t\n\t<\/a>\n\t<div class=\"catablog-description\"><\/div>\n<\/div><div class=\"catablog-row catablog-gallery\">\n\t<a href=\"http:\/\/aplccorp.com\/voyages\/?cat=4\" class=\"catablog-image\"  >\n\t\t<img decoding=\"async\" src=\"http:\/\/aplccorp.com\/voyages\/wp-content\/uploads\/catablog\/thumbnails\/IMG_0817_vignette.jpg\" alt=\"\" \/>\n\t\t<strong class=\"catablog-title\">Su\u00e8de 2006<\/strong>\t\n\t<\/a>\n\t<div class=\"catablog-description\"><\/div>\n<\/div><div class=\"catablog-row catablog-gallery\">\n\t<a href=\"http:\/\/aplccorp.com\/voyages\/?cat=3\" class=\"catablog-image\"  >\n\t\t<img decoding=\"async\" src=\"http:\/\/aplccorp.com\/voyages\/wp-content\/uploads\/catablog\/thumbnails\/IMG_5257.jpg\" alt=\"\" \/>\n\t\t<strong class=\"catablog-title\">Madagascar 2003<\/strong>\t\n\t<\/a>\n\t<div class=\"catablog-description\"><\/div>\n<\/div><\/div><\/li><li id=\"decent_comments_widget-3\" class=\"widget-container widget_decent_comments_widget\"><h3 class=\"widget-title\">Derniers commentaires<\/h3><div class=\"decent-comments\"><ul class=\"decent-comments-list\"><li class=\"comment-entry\"><div class=\"comment-content\"><div class=\"comment-author\">ohad<\/div><div class=\"comment-date\">13 mai 2024 \u00e0 22 h 21 min<\/div><div class=\"comment-link\">dans <a href=\"http:\/\/aplccorp.com\/voyages\/?p=11262&#038;cpage=1#comment-1478\">15 ao\u00fbt 2020 &#8211; Schwarzsee &#8211; Chexbres<\/a><\/div><div class=\"comment-excerpt\">test <\/div><\/div><\/li><li class=\"comment-entry\"><div class=\"comment-content\"><div class=\"comment-author\">Aurore<\/div><div class=\"comment-date\">25 ao\u00fbt 2020 \u00e0 10 h 53 min<\/div><div class=\"comment-link\">dans <a href=\"http:\/\/aplccorp.com\/voyages\/?p=11262&#038;cpage=1#comment-1477\">15 ao\u00fbt 2020 &#8211; Schwarzsee &#8211; Chexbres<\/a><\/div><div class=\"comment-excerpt\">Moi j'aime bien lire vos exploits, mais c'est clair que \u00e7a doit te prendre un temps fou! Peut-\u00eatre qu'en r\u00e9duisant le rythme \u00e0 1 post...<\/div><\/div><\/li><li class=\"comment-entry\"><div class=\"comment-content\"><div class=\"comment-author\">ohad<\/div><div class=\"comment-date\">18 ao\u00fbt 2020 \u00e0 21 h 57 min<\/div><div class=\"comment-link\">dans <a href=\"http:\/\/aplccorp.com\/voyages\/?p=11160&#038;cpage=1#comment-1476\">12 ao\u00fbt 2020 &#8211; Zoug &#8211; Zurich<\/a><\/div><div class=\"comment-excerpt\">arf, excellent ! merci !! <\/div><\/div><\/li><li class=\"comment-entry\"><div class=\"comment-content\"><div class=\"comment-author\">ohad<\/div><div class=\"comment-date\">18 ao\u00fbt 2020 \u00e0 21 h 55 min<\/div><div class=\"comment-link\">dans <a href=\"http:\/\/aplccorp.com\/voyages\/?p=11262&#038;cpage=1#comment-1475\">15 ao\u00fbt 2020 &#8211; Schwarzsee &#8211; Chexbres<\/a><\/div><div class=\"comment-excerpt\">C'est un peu l'\u00e9tat de mes r\u00e9flexions... \u00e7a empi\u00e8te surtout sur le temps famille. La journ\u00e9e on roule ou on fait des activit\u00e9s. Le soir...<\/div><\/div><\/li><li class=\"comment-entry\"><div class=\"comment-content\"><div class=\"comment-author\">Marie Astier<\/div><div class=\"comment-date\">18 ao\u00fbt 2020 \u00e0 14 h 14 min<\/div><div class=\"comment-link\">dans <a href=\"http:\/\/aplccorp.com\/voyages\/?p=11160&#038;cpage=1#comment-1474\">12 ao\u00fbt 2020 &#8211; Zoug &#8211; Zurich<\/a><\/div><div class=\"comment-excerpt\">la statue m'a intrigu\u00e9e, alors je suis all\u00e9e chercher : \"Margareth Schell, qui devait souvent ramener son mari, Peter Schell, ivre mort \u00e0 la maison\"...<\/div><\/div><\/li><li class=\"comment-entry\"><div class=\"comment-content\"><div class=\"comment-author\">Alice<\/div><div class=\"comment-date\">17 ao\u00fbt 2020 \u00e0 22 h 31 min<\/div><div class=\"comment-link\">dans <a href=\"http:\/\/aplccorp.com\/voyages\/?p=11262&#038;cpage=1#comment-1473\">15 ao\u00fbt 2020 &#8211; Schwarzsee &#8211; Chexbres<\/a><\/div><div class=\"comment-excerpt\">Alors oui, je me fais la r\u00e9flexion \u00e0 chaque post, ce temps (immense) pass\u00e9 \u00e0 la r\u00e9daction, c'est impressionnant. Si tu changes de format (genre...<\/div><\/div><\/li><li class=\"comment-entry\"><div class=\"comment-content\"><div class=\"comment-author\">ohad<\/div><div class=\"comment-date\">17 ao\u00fbt 2020 \u00e0 21 h 02 min<\/div><div class=\"comment-link\">dans <a href=\"http:\/\/aplccorp.com\/voyages\/?p=11262&#038;cpage=1#comment-1472\">15 ao\u00fbt 2020 &#8211; Schwarzsee &#8211; Chexbres<\/a><\/div><div class=\"comment-excerpt\">Merci Christophe \ud83d\ude42 <\/div><\/div><\/li><li class=\"comment-entry\"><div class=\"comment-content\"><div class=\"comment-author\">Lazer<\/div><div class=\"comment-date\">17 ao\u00fbt 2020 \u00e0 17 h 33 min<\/div><div class=\"comment-link\">dans <a href=\"http:\/\/aplccorp.com\/voyages\/?p=11262&#038;cpage=1#comment-1471\">15 ao\u00fbt 2020 &#8211; Schwarzsee &#8211; Chexbres<\/a><\/div><div class=\"comment-excerpt\">Je rattrape mon retard... et c'est d\u00e9j\u00e0 fini ! Bon anniversaire \ud83d\ude09 C'est pass\u00e9 vite ces 3 semaines dis donc. Encore un tr\u00e8s beau voyage,...<\/div><\/div><\/li><li class=\"comment-entry\"><div class=\"comment-content\"><div class=\"comment-author\">La\u00ebtitia<\/div><div class=\"comment-date\">17 ao\u00fbt 2020 \u00e0 3 h 48 min<\/div><div class=\"comment-link\">dans <a href=\"http:\/\/aplccorp.com\/voyages\/?p=11262&#038;cpage=1#comment-1470\">15 ao\u00fbt 2020 &#8211; Schwarzsee &#8211; Chexbres<\/a><\/div><div class=\"comment-excerpt\">Ce dessert t\u00eate \u00e0 t\u00eate c\u2019est de la folie !! Merci encore pour le partage ! <\/div><\/div><\/li><li class=\"comment-entry\"><div class=\"comment-content\"><div class=\"comment-author\">ohad<\/div><div class=\"comment-date\">16 ao\u00fbt 2020 \u00e0 10 h 10 min<\/div><div class=\"comment-link\">dans <a href=\"http:\/\/aplccorp.com\/voyages\/?p=11233&#038;cpage=1#comment-1469\">14 ao\u00fbt 2020 &#8211; Beatenberg &#8211; Schwarzsee<\/a><\/div><div class=\"comment-excerpt\">Merci ! <\/div><\/div><\/li><\/ul><\/div><\/li><\/div>\n\n","protected":false},"excerpt":{"rendered":"","protected":false},"author":1,"featured_media":0,"parent":0,"menu_order":0,"comment_status":"closed","ping_status":"open","template":"template-page-ohad.php","meta":{"footnotes":""},"class_list":["post-2","page","type-page","status-publish","hentry"],"jetpack_sharing_enabled":true,"_links":{"self":[{"href":"http:\/\/aplccorp.com\/voyages\/index.php?rest_route=\/wp\/v2\/pages\/2","targetHints":{"allow":["GET"]}}],"collection":[{"href":"http:\/\/aplccorp.com\/voyages\/index.php?rest_route=\/wp\/v2\/pages"}],"about":[{"href":"http:\/\/aplccorp.com\/voyages\/index.php?rest_route=\/wp\/v2\/types\/page"}],"author":[{"embeddable":true,"href":"http:\/\/aplccorp.com\/voyages\/index.php?rest_route=\/wp\/v2\/users\/1"}],"replies":[{"embeddable":true,"href":"http:\/\/aplccorp.com\/voyages\/index.php?rest_route=%2Fwp%2Fv2%2Fcomments&post=2"}],"version-history":[{"count":10,"href":"http:\/\/aplccorp.com\/voyages\/index.php?rest_route=\/wp\/v2\/pages\/2\/revisions"}],"predecessor-version":[{"id":1614,"href":"http:\/\/aplccorp.com\/voyages\/index.php?rest_route=\/wp\/v2\/pages\/2\/revisions\/1614"}],"wp:attachment":[{"href":"http:\/\/aplccorp.com\/voyages\/index.php?rest_route=%2Fwp%2Fv2%2Fmedia&parent=2"}],"curies":[{"name":"wp","href":"https:\/\/api.w.org\/{rel}","templated":true}]}}